{"id":2609,"date":"2022-08-25T09:42:40","date_gmt":"2022-08-25T09:42:40","guid":{"rendered":"https:\/\/lintenkopen.nl\/nieuws\/?page_id=2609"},"modified":"2024-03-19T09:48:28","modified_gmt":"2024-03-19T09:48:28","slug":"macrame-touw-kiezen","status":"publish","type":"page","link":"https:\/\/lintenkopen.nl\/nieuws\/macrame-touw\/macrame-touw-kiezen\/","title":{"rendered":"Macrame touw kiezen"},"content":{"rendered":"<h2>Uitleg over macram\u00e9 touw kiezen<\/h2>\n<h3>Welk macram\u00e9 touw heb ik nodig, een uitleg<\/h3>\n<figure id=\"attachment_2620\" aria-describedby=\"caption-attachment-2620\" style=\"width: 800px\" class=\"wp-caption aligncenter\"><a href=\"https:\/\/lintenkopen.nl\/macrame-koord\"><img loading=\"lazy\" decoding=\"async\" class=\"wp-image-2620 size-full\" src=\"https:\/\/lintenkopen.nl\/nieuws\/wp-content\/uploads\/2022\/08\/welke-macrame-touw-heb-ik-nodig.jpg\" alt=\"Hoe kies je het juiste macrame touw?\" width=\"800\" height=\"266\" srcset=\"https:\/\/lintenkopen.nl\/nieuws\/wp-content\/uploads\/2022\/08\/welke-macrame-touw-heb-ik-nodig.jpg 800w, https:\/\/lintenkopen.nl\/nieuws\/wp-content\/uploads\/2022\/08\/welke-macrame-touw-heb-ik-nodig-300x100.jpg 300w, https:\/\/lintenkopen.nl\/nieuws\/wp-content\/uploads\/2022\/08\/welke-macrame-touw-heb-ik-nodig-768x255.jpg 768w\" sizes=\"auto, (max-width: 800px) 100vw, 800px\" \/><\/a><figcaption id=\"caption-attachment-2620\" class=\"wp-caption-text\"><a href=\"https:\/\/lintenkopen.nl\/macrame-koord\">Macram\u00e9 touw kopen bij Lintenkopen.nl<\/a><\/figcaption><\/figure>\n<p>Een veel gestelde vraag van klanten is welk macram\u00e9 touw\u00a0 kiezen\u00a0 hebben voor een bepaald ontwerp.<\/p>\n<p>Voor het maken van macram\u00e9-projecten is niet veel nodig op het gebied van benodigdheden, maar er is wel veel macram\u00e9-koord voor nodig!<\/p>\n<p>Dit relatief goedkope knutselmateriaal is verkrijgbaar in verschillende kleuren en stijlen die bij de taak passen.<br \/>\nJe kunt het in sommige ambachtelijke of hobbywinkels kopen, maar voordat je het doet, moet je weten dat je\u00a0 online\u00a0 goedkoop macram\u00e9 touw vindt (en vaak van een\u00a0 betere kwaliteit).<\/p>\n<p>Om je te helpen de juiste macram\u00e9-benodigdheden te vinden, heb ik een korte handleiding samengesteld voor alle verschillende soorten macram\u00e9-koord. Ik heb ook het verschil tussen macram\u00e9 koord, touw, garen en wax koord uitgelegd, zodat je de juiste optie voor je project kunt kiezen.<\/p>\n<p><a href=\"https:\/\/lintenkopen.nl\/macrame-touw-katoen-2mm\/\"><img decoding=\"async\" src=\"https:\/\/lintenkopen.nl\/image\/catalog\/-kant\/macrame-touw-2mm-katoen.jpg\" alt=\"macrame koord\" \/><\/a>\u00a0\u00a0\u00a0<a href=\"https:\/\/lintenkopen.nl\/macrame-touw-2mm\/\"><img decoding=\"async\" src=\"https:\/\/lintenkopen.nl\/image\/catalog\/-kant\/macrame-touw-2mm-polyester.jpg\" alt=\"macrame touw\" \/><\/a>\u00a0\u00a0\u00a0<a href=\"https:\/\/lintenkopen.nl\/macrame-koord-katoen\/\"><img decoding=\"async\" src=\"https:\/\/lintenkopen.nl\/image\/catalog\/-kant\/macrame-touw-5mm-katoen.jpg\" alt=\"macrame touw\" \/><\/a><\/p>\n<h3>Soorten macram\u00e9 touw, koord en garen<\/h3>\n<p>Laten we beginnen bij de basis, door de vraag te stellen &#8220;wat is macram\u00e9 koord precies?&#8221;<br \/>\nMacram\u00e9-koord is een verzamelnaam voor alle soorten vezels die voor macram\u00e9 worden gebruikt.<br \/>\nOver het algemeen zijn de meest gebruikte soorten touw, garen, touw en waxdraden.<\/p>\n<p>Bij een macram\u00e9 patroon wordt vaak de term koord gebruikt.<br \/>\nWelk materiaal je gaat gebruiken, is aan jou.<br \/>\nLet wel op dat je dezelfde dikte gebruikt, omdat dit effect heeft op de lengte van het touw dat nodig is.<\/p>\n<p>Hier is een kort overzicht van de verschillen tussen touw, garen, touw en wax koord voor macram\u00e9.<\/p>\n<h2>Touw<\/h2>\n<p><a href=\"https:\/\/lintenkopen.nl\/nieuws\/wp-content\/uploads\/2022\/08\/macrame-touw.jpg\"><img loading=\"lazy\" decoding=\"async\" class=\"alignleft size-medium wp-image-2621\" src=\"https:\/\/lintenkopen.nl\/nieuws\/wp-content\/uploads\/2022\/08\/macrame-touw-300x200.jpg\" alt=\"\" width=\"300\" height=\"200\" srcset=\"https:\/\/lintenkopen.nl\/nieuws\/wp-content\/uploads\/2022\/08\/macrame-touw-300x200.jpg 300w, https:\/\/lintenkopen.nl\/nieuws\/wp-content\/uploads\/2022\/08\/macrame-touw.jpg 600w\" sizes=\"auto, (max-width: 300px) 100vw, 300px\" \/><\/a>Touw is het meest voorkomende type macram\u00e9-koord.<br \/>\nDe meeste starters, maar ook menig doorgewinterd beoefenaar, zal hier als eerste aan denken bij macram\u00e9-projecten.<\/p>\n<p>Dit materiaal is altijd getwijnd.<br \/>\nEen proces waarbij een of meer strengen garen in elkaar worden gedraaid om een \u200b\u200bsterker garen te cre\u00ebren.<br \/>\nStrengen worden in elkaar gedraaid in de richting tegengesteld aan die waarin ze werden gesponnen.<\/p>\n<p>Het meest voorkomende touw voor macram\u00e9 is gedraaid van drie lagen katoen, dat zowel sterk is als franjes in een mooi golvend patroon.<br \/>\nEr is ook gevlochten touw van zes lagen beschikbaar, maar ik raad aan om bij de eerste te blijven, tenzij je project zeer sterk moet worden.<\/p>\n<p>Het mooie van macram\u00e9 touw is dat het dikke, opvallende knopen cre\u00ebert.<br \/>\nHoewel katoenen touw zacht is, is het nog steeds stijf genoeg om knopen goed vast te houden.<br \/>\nEn in tegenstelling tot materialen die slechts uit \u00e9\u00e9n streng bestaan, zal het niet losdraaien terwijl je bezig bent met het maken van een nieuw stuk.<\/p>\n<p>Voor beginners en gevorderde macram\u00e9-artiesten is middelgroot katoenen touw het beste materiaal om te gebruiken.<br \/>\nJe kunt hiermee eigenlijk nooit mee in de fout gaan.<\/p>\n<h3>Garen<\/h3>\n<figure id=\"attachment_2622\" aria-describedby=\"caption-attachment-2622\" style=\"width: 300px\" class=\"wp-caption alignleft\"><a href=\"https:\/\/lintenkopen.nl\/nieuws\/wp-content\/uploads\/2022\/08\/garen.jpg\"><img loading=\"lazy\" decoding=\"async\" class=\"size-full wp-image-2622\" src=\"https:\/\/lintenkopen.nl\/nieuws\/wp-content\/uploads\/2022\/08\/garen.jpg\" alt=\"\" width=\"300\" height=\"225\" \/><\/a><figcaption id=\"caption-attachment-2622\" class=\"wp-caption-text\">Garen geeft een resultaat waarbij de knopen nauwelijks zichtbaar zijn..<\/figcaption><\/figure>\n<p>Garen wordt meestal gebruikt voor breien of weven, maar het kan ook worden gebruikt voor macram\u00e9.<br \/>\nHet kan zowel getwijnd als enkelvoudig zijn (wat betekent dat meerdere strengen in elkaar zijn gedraaid of slechts \u00e9\u00e9n),<br \/>\nen is meestal (maar niet altijd) gemaakt van wol.<\/p>\n<p>Hoewel je een dunnere breigaren kunt gebruiken voor macram\u00e9, kan het eindresultaat meer op een doek lijken en zullen je knopen niet opvallen.<br \/>\nPersoonlijk ben ik hier geen voorstander van, maar smaken verschillen.<\/p>\n<p>Ik raad aan om een dikker, niet-geplooid macram\u00e9 garen te proberen voor zachtere ontwerpen zoals vloerkleden en manden,<br \/>\nmaar voor wandkleden en plantenhangers is het absoluut niet de beste keuze.<\/p>\n<h3>Snoer<\/h3>\n<p>Snoer lijkt erg op touw, met als enige verschil dat het niet is getwijnd.<br \/>\nHet is in plaats daarvan samengesteld uit vele dunne vezels die in een enkele streng zijn gedraaid.<br \/>\nJe kunt dit type koord ook zien als\u00a0 macram\u00e9 touw van een enkele streng (hoewel het helemaal geen touw is!).<\/p>\n<p>Door zijn samenstelling is het veel zachter dan macram\u00e9 touw en zorgt het voor kleinere, strakkere knopen.<br \/>\nHet is ook veel vatbaarder voor uitzetting en ongelijke diktes,<br \/>\ndus wees niet verbaasd als het langer of korter is dan vermeld..<\/p>\n<p>Het is heel gemakkelijk om hiermee franjes te maken.<br \/>\nDit voegt een mooie, zachte uitstraling toe aan grotere projecten.<br \/>\nDe franje is recht en fijn, terwijl touw van drie lagen de neiging heeft om de franjes een golvend effect te geven.<\/p>\n<p>Voor beginners is macram\u00e9-koord van 6 mm ideaal voor wandkleden en andere niet-dragende projecten.<br \/>\nMaar let op dat het niet begint los te draaien in het midden van je werkstuk!<\/p>\n<h3>Wax koord<\/h3>\n<figure id=\"attachment_2623\" aria-describedby=\"caption-attachment-2623\" style=\"width: 300px\" class=\"wp-caption alignleft\"><a href=\"https:\/\/lintenkopen.nl\/nieuws\/wp-content\/uploads\/2022\/08\/waxkoord.jpg\"><img loading=\"lazy\" decoding=\"async\" class=\"size-medium wp-image-2623\" src=\"https:\/\/lintenkopen.nl\/nieuws\/wp-content\/uploads\/2022\/08\/waxkoord-300x261.jpg\" alt=\"waxkoorden\" width=\"300\" height=\"261\" srcset=\"https:\/\/lintenkopen.nl\/nieuws\/wp-content\/uploads\/2022\/08\/waxkoord-300x261.jpg 300w, https:\/\/lintenkopen.nl\/nieuws\/wp-content\/uploads\/2022\/08\/waxkoord.jpg 400w\" sizes=\"auto, (max-width: 300px) 100vw, 300px\" \/><\/a><figcaption id=\"caption-attachment-2623\" class=\"wp-caption-text\">Wax koord is beschikbaar in tal van aantrekkelijke kleuren<\/figcaption><\/figure>\n<p>&nbsp;<\/p>\n<p>Wax koord heeft meestal een kleine diameter en wordt vaak gebruikt voor macram\u00e9-sieraden.<br \/>\nHet kan een getwijnd of losgeknoopt koord zijn, dat vervolgens wordt bedekt met was om het sterker en beter bestand tegen water te maken.<\/p>\n<p>De was maakt de kleur donkerder, maar er is nog steeds een grote verscheidenheid aan kleuropties beschikbaar.<br \/>\nHet proces voorkomt ook dat het snoer gaat rafelen, hoewel je de uiteinden zorgvuldig moet vastzetten.<br \/>\nDe wax biedt een beschermende laag, hierdoor hoef je je minder zorgen te maken over de kwaliteit van de onderliggende vezels.<\/p>\n<h3>Welk macram\u00e9 touw heb ik nodig natuurlijke of synthetische?<\/h3>\n<p>Een ander aspect waar je over moet nadenken, voordat je een aankoop doet is of je wilt knutselen met natuurlijke of synthetische vezels.<br \/>\nMacram\u00e9 koord is verkrijgbaar in beide vormen, en elk heeft zijn voor- en nadelen.<\/p>\n<p>Een overzicht vind je\u00a0 op bij Linten Kopen in de categorie <a href=\"https:\/\/lintenkopen.nl\/nieuws\/macrame-touw\/\">macram\u00e9-touw<\/a><\/p>\n<p>Natuurlijke vezels zoals katoen, wol, linnen, jute en hennep zijn de meest voorkomende keuzes.<br \/>\nZe zijn allemaal biologisch afbreekbaar, waardoor ze een milieuvriendelijke keuze zijn voor hobbyisten.<br \/>\nZe zijn echter niet bestand tegen de elementen, dus ze zijn geen ideale keuze voor buitenprojecten.<\/p>\n<p>De meeste natuurlijke vezels zijn ook gemakkelijk te verven.<br \/>\nKoord kopen kan in een groot aantal kleuren.<br \/>\nMaar als je deze zelf wilt verven, moet je voor het beste resultaat voor katoen, wol of linnen kiezen.<\/p>\n<p>Synthetische vezels zoals nylon, acryl, polypropyleen en plastic zijn uitstekende keuzes voor projecten voor buiten blijven.<br \/>\nVelen voelen nog relatief zacht aan, maar verwacht niet hetzelfde knusse gevoel dat wordt bereikt met katoen of wol.<\/p>\n<p>Als je niet zeker weet welke je moet kopen, raad ik aan om te beginnen met een katoenen macram\u00e9 koord.<br \/>\nHet is een geweldig touw voor algemeen gebruik, omdat het zacht, resistent en vergevingsgezind is voor beginners.<\/p>\n<p>Ik hoop dat dit artikel macram\u00e9 touw kiezen je op weg heeft geholpen,<br \/>\nAls je vragen hebt\u00a0 helpt onze klantenservice je graag.<br \/>\nBij grote projecten kunnen we altijd vrijblijvend een scherpe offerte aanbieden.<\/p>\n","protected":false},"excerpt":{"rendered":"<p>Uitleg over macram\u00e9 touw kiezen Welk macram\u00e9 touw heb ik nodig, een uitleg Een veel gestelde vraag van klanten is welk macram\u00e9 touw\u00a0 kiezen\u00a0 hebben voor een bepaald ontwerp. Voor het maken van macram\u00e9-projecten is niet veel nodig op het gebied van benodigdheden, maar er is wel veel macram\u00e9-koord voor nodig! Dit relatief goedkope knutselmateriaal&hellip;&nbsp;<a href=\"https:\/\/lintenkopen.nl\/nieuws\/macrame-touw\/macrame-touw-kiezen\/\" rel=\"bookmark\"><span class=\"screen-reader-text\">Macrame touw kiezen<\/span><\/a><\/p>\n","protected":false},"author":1,"featured_media":0,"parent":2355,"menu_order":0,"comment_status":"closed","ping_status":"closed","template":"","meta":{"neve_meta_sidebar":"","neve_meta_container":"","neve_meta_enable_content_width":"","neve_meta_content_width":0,"neve_meta_title_alignment":"","neve_meta_author_avatar":"","neve_post_elements_order":"","neve_meta_disable_header":"","neve_meta_disable_footer":"","neve_meta_disable_title":"","footnotes":""},"class_list":["post-2609","page","type-page","status-publish","hentry"],"_links":{"self":[{"href":"https:\/\/lintenkopen.nl\/nieuws\/wp-json\/wp\/v2\/pages\/2609","targetHints":{"allow":["GET"]}}],"collection":[{"href":"https:\/\/lintenkopen.nl\/nieuws\/wp-json\/wp\/v2\/pages"}],"about":[{"href":"https:\/\/lintenkopen.nl\/nieuws\/wp-json\/wp\/v2\/types\/page"}],"author":[{"embeddable":true,"href":"https:\/\/lintenkopen.nl\/nieuws\/wp-json\/wp\/v2\/users\/1"}],"replies":[{"embeddable":true,"href":"https:\/\/lintenkopen.nl\/nieuws\/wp-json\/wp\/v2\/comments?post=2609"}],"version-history":[{"count":8,"href":"https:\/\/lintenkopen.nl\/nieuws\/wp-json\/wp\/v2\/pages\/2609\/revisions"}],"predecessor-version":[{"id":7093,"href":"https:\/\/lintenkopen.nl\/nieuws\/wp-json\/wp\/v2\/pages\/2609\/revisions\/7093"}],"up":[{"embeddable":true,"href":"https:\/\/lintenkopen.nl\/nieuws\/wp-json\/wp\/v2\/pages\/2355"}],"wp:attachment":[{"href":"https:\/\/lintenkopen.nl\/nieuws\/wp-json\/wp\/v2\/media?parent=2609"}],"curies":[{"name":"wp","href":"https:\/\/api.w.org\/{rel}","templated":true}]}}